{"id":2904,"date":"2015-12-24T12:01:56","date_gmt":"2015-12-24T12:01:56","guid":{"rendered":"http:\/\/flow.elated-themes.com\/?page_id=2904"},"modified":"2019-11-27T10:45:04","modified_gmt":"2019-11-27T12:45:04","slug":"quem-somos","status":"publish","type":"page","link":"https:\/\/www.viavini.com.br\/blog-de-vinhos\/quem-somos\/","title":{"rendered":"Quem Somos"},"content":{"rendered":"<p>[vc_row css=&#8221;.vc_custom_1464951234466{margin-top: 60px !important;}&#8221;][vc_column width=&#8221;1\/2&#8243;][vc_column_text]<\/p>\n<h3 class=\"tu fs__20\">Blog de Vinhos<\/h3>\n<p>Somos um Blog de vinhos destinado a trazer not\u00edcias, novidades, curiosidades, rankings e muito mais sobre vinhos importados. Aqui voc\u00ea ir\u00e1 descobrir os detalhes do universo dessa bebida que amamos.[\/vc_column_text][\/vc_column][vc_column width=&#8221;1\/2&#8243;][vc_column_text]<\/p>\n<h3 class=\"tu fs__20\">Via Vini Vinhos<\/h3>\n<p>Este blog foi desenvolvido pela importadora de vinhos Via Vini, localizada em S\u00e3o Paulo e que atua desde 2004 no mercado de vinhos europeus.<\/p>\n<p>Via Vini conta com uma equipe de profissionais altamente qualificada com experi\u00eancia adquirida nas maiores importadoras de vinhos do pa\u00eds.[\/vc_column_text][\/vc_column][\/vc_row]<\/p>\n","protected":false},"excerpt":{"rendered":"<p>[vc_row css=&#8221;.vc_custom_1464951234466{margin-top: 60px !important;}&#8221;][vc_column width=&#8221;1\/2&#8243;][vc_column_text] Blog de Vinhos Somos um Blog de vinhos destinado a trazer not\u00edcias, novidades, curiosidades, rankings e muito mais sobre vinhos importados. Aqui voc\u00ea ir\u00e1 descobrir os detalhes do universo dessa bebida que amamos.[\/vc_column_text][\/vc_column][vc_column width=&#8221;1\/2&#8243;][vc_column_text] Via Vini Vinhos Este blog foi desenvolvido pela importadora de vinhos Via Vini, localizada em S\u00e3o &#8230; <a title=\"Quem Somos\" class=\"read-more\" href=\"https:\/\/www.viavini.com.br\/blog-de-vinhos\/quem-somos\/\" aria-label=\"More on Quem Somos\">Ler mais<\/a><\/p>\n","protected":false},"author":1,"featured_media":4986,"parent":0,"menu_order":0,"comment_status":"closed","ping_status":"closed","template":"","meta":{"footnotes":""},"class_list":["post-2904","page","type-page","status-publish","has-post-thumbnail"],"yoast_head":"<!-- This site is optimized with the Yoast SEO plugin v21.7 - https:\/\/yoast.com\/wordpress\/plugins\/seo\/ -->\n<title>Quem Somos | Blog de Vinhos<\/title>\n<meta name=\"robots\" content=\"index, follow, max-snippet:-1, max-image-preview:large, max-video-preview:-1\" \/>\n<link rel=\"canonical\" href=\"https:\/\/www.viavini.com.br\/blog-de-vinhos\/quem-somos\/\" \/>\n<meta property=\"og:locale\" content=\"pt_BR\" \/>\n<meta property=\"og:type\" content=\"article\" \/>\n<meta property=\"og:title\" content=\"Quem Somos | Blog de Vinhos\" \/>\n<meta property=\"og:description\" content=\"[vc_row css=&#8221;.vc_custom_1464951234466{margin-top: 60px !important;}&#8221;][vc_column width=&#8221;1\/2&#8243;][vc_column_text] Blog de Vinhos Somos um Blog de vinhos destinado a trazer not\u00edcias, novidades, curiosidades, rankings e muito mais sobre vinhos importados. Aqui voc\u00ea ir\u00e1 descobrir os detalhes do universo dessa bebida que amamos.[\/vc_column_text][\/vc_column][vc_column width=&#8221;1\/2&#8243;][vc_column_text] Via Vini Vinhos Este blog foi desenvolvido pela importadora de vinhos Via Vini, localizada em S\u00e3o ... Ler mais\" \/>\n<meta property=\"og:url\" content=\"https:\/\/www.viavini.com.br\/blog-de-vinhos\/quem-somos\/\" \/>\n<meta property=\"og:site_name\" content=\"Blog de Vinhos\" \/>\n<meta property=\"article:publisher\" content=\"https:\/\/www.facebook.com\/Via.Vini\/\" \/>\n<meta property=\"article:modified_time\" content=\"2019-11-27T12:45:04+00:00\" \/>\n<meta property=\"og:image\" content=\"https:\/\/www.viavini.com.br\/blog-de-vinhos\/wp-content\/uploads\/2019\/11\/img-63.png\" \/>\n\t<meta property=\"og:image:width\" content=\"370\" \/>\n\t<meta property=\"og:image:height\" content=\"493\" \/>\n\t<meta property=\"og:image:type\" content=\"image\/jpeg\" \/>\n<meta name=\"twitter:card\" content=\"summary_large_image\" \/>\n<meta name=\"twitter:label1\" content=\"Est. tempo de leitura\" \/>\n\t<meta name=\"twitter:data1\" content=\"1 minuto\" \/>\n<!-- \/ Yoast SEO plugin. -->","yoast_head_json":{"title":"Quem Somos | Blog de Vinhos","robots":{"index":"index","follow":"follow","max-snippet":"max-snippet:-1","max-image-preview":"max-image-preview:large","max-video-preview":"max-video-preview:-1"},"canonical":"https:\/\/www.viavini.com.br\/blog-de-vinhos\/quem-somos\/","og_locale":"pt_BR","og_type":"article","og_title":"Quem Somos | Blog de Vinhos","og_description":"[vc_row css=&#8221;.vc_custom_1464951234466{margin-top: 60px !important;}&#8221;][vc_column width=&#8221;1\/2&#8243;][vc_column_text] Blog de Vinhos Somos um Blog de vinhos destinado a trazer not\u00edcias, novidades, curiosidades, rankings e muito mais sobre vinhos importados. Aqui voc\u00ea ir\u00e1 descobrir os detalhes do universo dessa bebida que amamos.[\/vc_column_text][\/vc_column][vc_column width=&#8221;1\/2&#8243;][vc_column_text] Via Vini Vinhos Este blog foi desenvolvido pela importadora de vinhos Via Vini, localizada em S\u00e3o ... Ler mais","og_url":"https:\/\/www.viavini.com.br\/blog-de-vinhos\/quem-somos\/","og_site_name":"Blog de Vinhos","article_publisher":"https:\/\/www.facebook.com\/Via.Vini\/","article_modified_time":"2019-11-27T12:45:04+00:00","og_image":[{"width":370,"height":493,"url":"https:\/\/www.viavini.com.br\/blog-de-vinhos\/wp-content\/uploads\/2019\/11\/img-63.png","type":"image\/jpeg"}],"twitter_card":"summary_large_image","twitter_misc":{"Est. tempo de leitura":"1 minuto"},"schema":{"@context":"https:\/\/schema.org","@graph":[{"@type":"WebPage","@id":"https:\/\/www.viavini.com.br\/blog-de-vinhos\/quem-somos\/","url":"https:\/\/www.viavini.com.br\/blog-de-vinhos\/quem-somos\/","name":"Quem Somos | Blog de Vinhos","isPartOf":{"@id":"https:\/\/www.viavini.com.br\/blog-de-vinhos\/#website"},"datePublished":"2015-12-24T12:01:56+00:00","dateModified":"2019-11-27T12:45:04+00:00","breadcrumb":{"@id":"https:\/\/www.viavini.com.br\/blog-de-vinhos\/quem-somos\/#breadcrumb"},"inLanguage":"pt-BR","potentialAction":[{"@type":"ReadAction","target":["https:\/\/www.viavini.com.br\/blog-de-vinhos\/quem-somos\/"]}]},{"@type":"BreadcrumbList","@id":"https:\/\/www.viavini.com.br\/blog-de-vinhos\/quem-somos\/#breadcrumb","itemListElement":[{"@type":"ListItem","position":1,"name":"In\u00edcio","item":"https:\/\/www.viavini.com.br\/blog-de-vinhos\/"},{"@type":"ListItem","position":2,"name":"Quem Somos"}]},{"@type":"WebSite","@id":"https:\/\/www.viavini.com.br\/blog-de-vinhos\/#website","url":"https:\/\/www.viavini.com.br\/blog-de-vinhos\/","name":"Blog de Vinhos","description":"Via Vini Vinhos","publisher":{"@id":"https:\/\/www.viavini.com.br\/blog-de-vinhos\/#organization"},"potentialAction":[{"@type":"SearchAction","target":{"@type":"EntryPoint","urlTemplate":"https:\/\/www.viavini.com.br\/blog-de-vinhos\/?s={search_term_string}"},"query-input":"required name=search_term_string"}],"inLanguage":"pt-BR"},{"@type":"Organization","@id":"https:\/\/www.viavini.com.br\/blog-de-vinhos\/#organization","name":"Via Vini Vinhos","url":"https:\/\/www.viavini.com.br\/blog-de-vinhos\/","logo":{"@type":"ImageObject","inLanguage":"pt-BR","@id":"https:\/\/www.viavini.com.br\/blog-de-vinhos\/#\/schema\/logo\/image\/","url":"https:\/\/www.viavini.com.br\/blog-de-vinhos\/wp-content\/uploads\/2019\/11\/VIA-VINI-fundo-branco-1.png","contentUrl":"https:\/\/www.viavini.com.br\/blog-de-vinhos\/wp-content\/uploads\/2019\/11\/VIA-VINI-fundo-branco-1.png","width":200,"height":200,"caption":"Via Vini Vinhos"},"image":{"@id":"https:\/\/www.viavini.com.br\/blog-de-vinhos\/#\/schema\/logo\/image\/"},"sameAs":["https:\/\/www.facebook.com\/Via.Vini\/","https:\/\/www.instagram.com\/viavinivinhos\/"]}]}},"jetpack_sharing_enabled":true,"_links":{"self":[{"href":"https:\/\/www.viavini.com.br\/blog-de-vinhos\/wp-json\/wp\/v2\/pages\/2904","targetHints":{"allow":["GET"]}}],"collection":[{"href":"https:\/\/www.viavini.com.br\/blog-de-vinhos\/wp-json\/wp\/v2\/pages"}],"about":[{"href":"https:\/\/www.viavini.com.br\/blog-de-vinhos\/wp-json\/wp\/v2\/types\/page"}],"author":[{"embeddable":true,"href":"https:\/\/www.viavini.com.br\/blog-de-vinhos\/wp-json\/wp\/v2\/users\/1"}],"replies":[{"embeddable":true,"href":"https:\/\/www.viavini.com.br\/blog-de-vinhos\/wp-json\/wp\/v2\/comments?post=2904"}],"version-history":[{"count":5,"href":"https:\/\/www.viavini.com.br\/blog-de-vinhos\/wp-json\/wp\/v2\/pages\/2904\/revisions"}],"predecessor-version":[{"id":6314,"href":"https:\/\/www.viavini.com.br\/blog-de-vinhos\/wp-json\/wp\/v2\/pages\/2904\/revisions\/6314"}],"wp:featuredmedia":[{"embeddable":true,"href":"https:\/\/www.viavini.com.br\/blog-de-vinhos\/wp-json\/wp\/v2\/media\/4986"}],"wp:attachment":[{"href":"https:\/\/www.viavini.com.br\/blog-de-vinhos\/wp-json\/wp\/v2\/media?parent=2904"}],"curies":[{"name":"wp","href":"https:\/\/api.w.org\/{rel}","templated":true}]}}